{"id":40,"date":"2022-09-05T22:59:17","date_gmt":"2022-09-05T19:59:17","guid":{"rendered":"https:\/\/and1xdon.go.ro\/?page_id=40"},"modified":"2023-01-04T22:00:19","modified_gmt":"2023-01-04T20:00:19","slug":"informatii-utile-pentru-donator","status":"publish","type":"page","link":"https:\/\/cts-braila.ro\/index.php\/informatii-utile-pentru-donator\/","title":{"rendered":"Informa\u021bii Utile pentru Donator"},"content":{"rendered":"\n<figure class=\"wp-block-gallery has-nested-images columns-default is-cropped wp-block-gallery-1 is-layout-flex wp-block-gallery-is-layout-flex\">\n<figure class=\"wp-block-image size-full\"><img loading=\"lazy\" decoding=\"async\" width=\"729\" height=\"510\" data-id=\"305\" src=\"https:\/\/cts-braila.ro\/wp-content\/uploads\/2023\/01\/atentie_crop_0401.jpg\" alt=\"\" class=\"wp-image-305\" srcset=\"https:\/\/cts-braila.ro\/wp-content\/uploads\/2023\/01\/atentie_crop_0401.jpg 729w, https:\/\/cts-braila.ro\/wp-content\/uploads\/2023\/01\/atentie_crop_0401-300x210.jpg 300w\" sizes=\"auto, (max-width: 729px) 100vw, 729px\" \/><\/figure>\n\n\n\n<figure class=\"wp-block-image size-full\"><img loading=\"lazy\" decoding=\"async\" width=\"721\" height=\"503\" data-id=\"306\" src=\"https:\/\/cts-braila.ro\/wp-content\/uploads\/2023\/01\/atentie_2_crop_modif_0401.jpg\" alt=\"\" class=\"wp-image-306\" srcset=\"https:\/\/cts-braila.ro\/wp-content\/uploads\/2023\/01\/atentie_2_crop_modif_0401.jpg 721w, https:\/\/cts-braila.ro\/wp-content\/uploads\/2023\/01\/atentie_2_crop_modif_0401-300x209.jpg 300w\" sizes=\"auto, (max-width: 721px) 100vw, 721px\" \/><\/figure>\n<\/figure>\n\n\n\n<figure class=\"wp-block-gallery has-nested-images columns-default is-cropped wp-block-gallery-2 is-layout-flex wp-block-gallery-is-layout-flex\">\n<figure class=\"wp-block-image size-large\"><img decoding=\"async\" src=\"https:\/\/cts-braila.ro\/wp-content\/uploads\/2022\/09\/Capture_1_crop.jpg\" alt=\"\"\/><\/figure>\n\n\n\n<figure class=\"wp-block-image size-full\"><img loading=\"lazy\" decoding=\"async\" width=\"627\" height=\"932\" data-id=\"308\" src=\"https:\/\/cts-braila.ro\/wp-content\/uploads\/2023\/01\/Capture_2_crop_0401.jpg\" alt=\"\" class=\"wp-image-308\" srcset=\"https:\/\/cts-braila.ro\/wp-content\/uploads\/2023\/01\/Capture_2_crop_0401.jpg 627w, https:\/\/cts-braila.ro\/wp-content\/uploads\/2023\/01\/Capture_2_crop_0401-202x300.jpg 202w\" sizes=\"auto, (max-width: 627px) 100vw, 627px\" \/><\/figure>\n<\/figure>\n\n\n\n<div class=\"wp-block-group\" style=\"font-size:22px\"><div class=\"wp-block-group__inner-container is-layout-constrained wp-block-group-is-layout-constrained\">\n<p>Recoltarea de s\u00e2nge va fi realizat\u0103 de personalul specializat al Centrului de Transfuzie Sanguin\u0103 Br\u0103ila, \u00een condi\u021bii de siguran\u021b\u0103, folosind instrumente de unic\u0103 folosin\u021b\u0103. La fiecare donare se recolteaz\u0103 aproximativ 450 ml de s\u00e2nge, care vor fi folosi\u021bi pentru pacien\u021bii interna\u021bi \u00een spitalele din Br\u0103ila, a c\u0103ror via\u021b\u0103 depinde de aceste transfuzii.<\/p>\n\n\n\n<p>Persoanele care doresc s\u0103 doneze s\u00e2nge sunt a\u0219teptate la sediul nostru, cu cartea de identitate \u0219i cu micul dejun consumat (sandwich cu carne slab\u0103, legume \u0219i fructe consistente). Nu se fumeaz\u0103 \u00eenainte \u0219i dup\u0103 donare cu o or\u0103.<\/p>\n\n\n\n<p>Cei care doresc s\u0103 doneze trebuie s\u0103 \u00eendeplineasc\u0103 minimum urmatoarele condi\u021bii:<\/p>\n\n\n\n<p><\/p>\n\n\n\n<ul class=\"wp-block-list\">\n<li>s\u0103 aib\u0103 \u00eentre 18 si 60 de ani<\/li>\n\n\n\n<li>s\u0103 aib\u0103 greutatea cuprins\u0103 \u00eentre 50 si 100 kg (femeile), 60 si 120 kg (b\u0103rba\u021bii)<\/li>\n\n\n\n<li>s\u0103 nu fi suferit interven\u021bii chirurgicale sau stomatologice \u00een ultimele 6 luni<\/li>\n\n\n\n<li>nu pot fi femei \u00eens\u0103rcinate, \u00een perioada de lauzie sau \u00een cea menstrual\u0103 (trebuie sa treaca minim 5 zile de la ultima zi a menstrua\u021biei)<\/li>\n\n\n\n<li>s\u0103 nu fi consumat gr\u0103simi sau bauturi alcoolice cu cel pu\u021bin 48 de ore \u00eenaintea don\u0103rii<\/li>\n\n\n\n<li>s\u0103 nu fi suferit de hepatit\u0103 \u2013 de orice tip, TBC, sifilis, malarie, epilepsie, bruceloz\u0103, ulcer, diabet zaharat, boli de inim\u0103, boli de piele, miopie peste (-) 6 dioptrii.<\/li>\n<\/ul>\n<\/div><\/div>\n","protected":false},"excerpt":{"rendered":"<p>Recoltarea de s\u00e2nge va fi realizat\u0103 de personalul specializat al Centrului de Transfuzie Sanguin\u0103 Br\u0103ila, \u00een condi\u021bii de siguran\u021b\u0103, folosind instrumente de unic\u0103 folosin\u021b\u0103. La fiecare donare se recolteaz\u0103 aproximativ 450 ml de s\u00e2nge, care vor fi folosi\u021bi pentru pacien\u021bii interna\u021bi \u00een spitalele din Br\u0103ila, a c\u0103ror via\u021b\u0103 depinde de aceste transfuzii. Persoanele care doresc &hellip; <\/p>\n<div class=\"link-more text-center\"><a href=\"https:\/\/cts-braila.ro\/index.php\/informatii-utile-pentru-donator\/\" class=\"more-link py-2 px-4\">Read More<span class=\"screen-reader-text\"> &#8220;Informa\u021bii Utile pentru Donator&#8221;<\/span><\/a><\/div>\n","protected":false},"author":1,"featured_media":0,"parent":0,"menu_order":0,"comment_status":"closed","ping_status":"closed","template":"","meta":{"_uag_custom_page_level_css":"","footnotes":""},"class_list":["post-40","page","type-page","status-publish","hentry"],"uagb_featured_image_src":{"full":false,"thumbnail":false,"medium":false,"medium_large":false,"large":false,"rpg_gallery_admin_thumb":false,"rpg_gallery_thumb":false,"1536x1536":false,"2048x2048":false,"ngo-charity-donation-featured-image":false,"ngo-charity-donation-thumbnail-avatar":false},"uagb_author_info":{"display_name":"wp_user","author_link":"https:\/\/cts-braila.ro\/index.php\/author\/wp_user\/"},"uagb_comment_info":0,"uagb_excerpt":"Recoltarea de s\u00e2nge va fi realizat\u0103 de personalul specializat al Centrului de Transfuzie Sanguin\u0103 Br\u0103ila, \u00een condi\u021bii de siguran\u021b\u0103, folosind instrumente de unic\u0103 folosin\u021b\u0103. La fiecare donare se recolteaz\u0103 aproximativ 450 ml de s\u00e2nge, care vor fi folosi\u021bi pentru pacien\u021bii interna\u021bi \u00een spitalele din Br\u0103ila, a c\u0103ror via\u021b\u0103 depinde de aceste transfuzii. Persoanele care doresc&hellip;","_links":{"self":[{"href":"https:\/\/cts-braila.ro\/index.php\/wp-json\/wp\/v2\/pages\/40","targetHints":{"allow":["GET"]}}],"collection":[{"href":"https:\/\/cts-braila.ro\/index.php\/wp-json\/wp\/v2\/pages"}],"about":[{"href":"https:\/\/cts-braila.ro\/index.php\/wp-json\/wp\/v2\/types\/page"}],"author":[{"embeddable":true,"href":"https:\/\/cts-braila.ro\/index.php\/wp-json\/wp\/v2\/users\/1"}],"replies":[{"embeddable":true,"href":"https:\/\/cts-braila.ro\/index.php\/wp-json\/wp\/v2\/comments?post=40"}],"version-history":[{"count":8,"href":"https:\/\/cts-braila.ro\/index.php\/wp-json\/wp\/v2\/pages\/40\/revisions"}],"predecessor-version":[{"id":309,"href":"https:\/\/cts-braila.ro\/index.php\/wp-json\/wp\/v2\/pages\/40\/revisions\/309"}],"wp:attachment":[{"href":"https:\/\/cts-braila.ro\/index.php\/wp-json\/wp\/v2\/media?parent=40"}],"curies":[{"name":"wp","href":"https:\/\/api.w.org\/{rel}","templated":true}]}}